{"id":17101,"date":"2018-10-12T10:24:10","date_gmt":"2018-10-12T09:24:10","guid":{"rendered":"https:\/\/www.dinocappelletti.com\/privacy-e-cookie-policy\/"},"modified":"2018-10-12T10:24:10","modified_gmt":"2018-10-12T09:24:10","slug":"privacy-e-cookie-policy","status":"publish","type":"page","link":"https:\/\/www.dinocappelletti.com\/en\/privacy-e-cookie-policy\/","title":{"rendered":"Privacy e Cookie Policy"},"content":{"rendered":"<h2>Informativa Privacy trattamento dati<\/h2>\n<p>Informativa per trattamento di dati personali raccolti presso l\u2019interessato<br \/>\nNel rispetto di quanto previsto dal Reg. UE 2016\/679 (Regolamento Europeo per la protezione dei dati personali) Le forniamo le dovute informazioni in ordine al trattamento dei dati personali forniti.<br \/>\nL\u2019informativa non \u00e8 da considerarsi valida per altri siti web eventualmente consultabili tramite links presenti sul sito internet a dominio del titolare, che non \u00e8 da considerarsi in alcun modo responsabile dei siti internet dei terzi.<br \/>\nSi tratta di un\u2019informativa che \u00e8 resa ai sensi dell\u2019art. 13 della Reg. UE 2016\/679 (Regolamento Europeo per la protezione dei dati personali) e si ispira anche a quanto previsto dalla Direttiva 2002\/58\/CE, come aggiornata dalla Direttiva 2009\/136\/CE, in materia di Cookies nonch\u00e9 a quanto previsto dal Provvedimento dell\u2019Autorit\u00e0 Garante per la protezione dei dati personali del 08.05.2014 in materia di cookies.<\/p>\n<p><strong>1. SOGGETTI DEL TRATTAMENTO<\/strong><br \/>\nTITOLARE DEL TRATTAMENTO, ai sensi degli artt. 4 e 24 del Reg. UE 2016\/679 \u00e8 Dino Cappelletti, con qualifica di titolare e legale rappresentante.<\/p>\n<p><strong>2. FINALIT\u00c0 E LICEITA\u2019 DEL TRATTAMENTO<\/strong><br \/>\nI dati di natura personale forniti, saranno oggetto di trattamento nel rispetto delle condizioni di liceit\u00e0 ex art. 6 Reg. UE 2016\/679 per le seguenti finalit\u00e0:<br \/>\na) Gestione trattamento dati inerente (art. 6 lett. b)):<br \/>\n\u2013 navigazione sul presente sito web ovvero www.dinocappelletti.com;<br \/>\n\u2013 eventuale compilazione di form di raccolta dati per l\u2019invio di una richiesta informazioni al titolare del trattamento;<br \/>\n\u2013 adempimento obblighi contrattuali, di legge e finalit\u00e0 amministrativo-contabili. Ai fini dell\u2019applicazione delle disposizioni in materia di protezione dei dati personali, i trattamenti effettuati per finalit\u00e0 amministrativo-contabili sono quelli connessi allo svolgimento delle attivit\u00e0 di natura organizzativa, amministrativa, finanziaria e contabile, a prescindere dalla natura dei dati trattati. In particolare, perseguono tali finalit\u00e0 le attivit\u00e0 organizzative interne, quelle funzionali all\u2019adempimento di obblighi contrattuali e precontrattuali, attivit\u00e0 informativa.<\/p>\n<p><strong>3. DESTINATARI O CATEGORIE DI DESTINATARI DEI DATI<\/strong><br \/>\nI dati di natura personale forniti potranno essere comunicati a destinatari, nominati ex art. 28 del Reg. UE 2016\/679, che tratteranno i dati in qualit\u00e0 di responsabili e\/o in qualit\u00e0 di persone fisiche che agiscono sotto l\u2019autorit\u00e0 del Titolare, al fine di ottemperare ai contratti o finalit\u00e0 connesse. Precisamente, i dati potranno essere comunicati a destinatari appartenenti alle seguenti categorie:<br \/>\n\u2013 Soggetti che forniscono servizi per la gestione del sistema informativo e delle reti di comunicazione di Foto Studio Immagine (ivi compresa la posta elettronica);<br \/>\n\u2013 Studi o Societ\u00e0 nell\u2019ambito di rapporti di assistenza e consulenza;<br \/>\n\u2013 Autorit\u00e0 competenti per adempimenti di obblighi di legge e\/o di disposizioni di organi pubblici, su richiesta;<br \/>\n\u2013 In caso di finalit\u00e0 amministrativo contabile, i dati potranno eventualmente essere trasmessi a societ\u00e0 di informazione commerciale per la valutazione della solvibilit\u00e0 e delle abitudini di pagamento e\/o a soggetti per finalit\u00e0 di recupero crediti.<br \/>\nI soggetti appartenenti alle categorie suddette svolgono la funzione di Responsabile del trattamento dei dati, oppure operano in totale autonomia come distinti Titolari del trattamento.<br \/>\nL\u2019elenco dei Responsabili del trattamento designati \u00e8 costantemente aggiornato e disponibile presso la sede di Via Galieo Galilei 48, 63066 Grottammare (Ap)<\/p>\n<p><strong>4. TRASFERIMENTO DATI VERSO UN PAESE TERZO E\/O UN\u2019ORGANIZZAZIONE INTERNAZIONALE<\/strong><br \/>\nI dati di natura personale forniti, non saranno trasferiti all\u2019estero all\u2019interno o all\u2019esterno dell\u2019Unione Europea.<\/p>\n<p><strong>5. PERIODO DI CONSERVAZIONE O CRITERI<\/strong><br \/>\nIl trattamento sar\u00e0 svolto in forma automatizzata e\/o manuale, con modalit\u00e0 e strumenti volti a garantire la massima sicurezza e riservatezza, ad opera di soggetti di ci\u00f2 appositamente incaricati.<br \/>\nNel rispetto di quanto previsto dall\u2019art. 5 comma 1 lett. e) del Reg. UE 2016\/679 i dati personali raccolti verranno conservati in una forma che consenta l\u2019identificazione degli interessati per un arco di tempo non superiore al conseguimento delle finalit\u00e0 per le quali i dati personali sono trattati. Per conoscere i criteri posti alla base del periodo di conservazione dei dati scrivere a info@dinocappelletti.com<\/p>\n<p><strong>6. NATURA DEL CONFERIMENTO E RIFIUTO<\/strong><br \/>\nA parte quanto specificato per i dati di navigazione, l\u2019utente \u00e8 libero di fornire i dati personali in aree dedicate sul sito.<br \/>\nIl conferimento dei dati personali per le finalit\u00e0 di cui al punto a) del presente documento informativo \u00e8 necessario per perfezionare le specifiche funzionalit\u00e0 e fruire dei servizi offerti al Titolare del trattamento, ad esempio per ricevere riscontro alla richiesta di informazioni inoltrata. Il mancato conferimento dei dati personali pu\u00f2 comportare l\u2019impossibilit\u00e0 di ottenere il servizio richiesto o di fruire dei servizi offerti dal sito.<\/p>\n<p><strong>7. DIRITTI DEGLI INTERESSATI<\/strong><br \/>\nLei potr\u00e0 far valere i propri diritti come espressi dagli artt. 15, 16, 17, 18, 19, 20, 21, 22 del Regolamento UE 2016\/679, rivolgendosi al Titolare, scrivendo all\u2019indirizzo info@dinocappelletti.com<br \/>\nLei ha il diritto, in qualunque momento, di chiedere al Titolare del trattamento l\u2019accesso ai Suoi dati personali, la rettifica, la cancellazione degli stessi, la limitazione del trattamento.<br \/>\nInoltre, ha il diritto di opporsi, in qualsiasi momento, al trattamento dei suoi dati (compresi i trattamenti automatizzati, es. la profilazione) nonch\u00e9 alla portabilit\u00e0 dei suoi dati.<br \/>\nFatto salvo ogni altro ricorso amministrativo e giurisdizionale, se ritiene che il trattamento dei dati che la riguardano violi quanto previsto dal Reg. UE 2016\/679, ai sensi dell\u2019art. 15 lettera f) del succitato Reg. UE 2016\/679, Lei ha il diritto di proporre reclamo al Garante per la protezione dei dati personali e, con riferimento all\u2019art. 6 paragrafo 1, lettera a) e art. 9, paragrafo 2, lettera a), ha il diritto di revocare in qualsiasi momento il consenso prestato.<br \/>\nNel caso di richiesta di portabilit\u00e0 del dato il Titolare del trattamento Le fornir\u00e0 in un formato strutturato, di uso comune e leggibile, da dispositivo automatico, i dati personali che la riguardano, fatto salvo i commi 3 e 4 dell\u2019art. 20 del Reg. UE 2016\/679.<\/p>\n<p>8. COOKIES<\/p>\n<h2 class=\"title\">Politica dei Cookie<\/h2>\n<div class=\"entry\">\n<p>La presente cookie policy ha lo scopo specifico di illustrare i tipi, le modalit\u00e0 di utilizzo nonch\u00e9 di fornire indicazioni circa le azioni per rifiutare o eliminare i cookie presenti sul sito web, se lo si desidera.<\/p>\n<div class=\"pea_cook_control\">I cookie sono disabilitati<br \/>\nConsenti al loro utilizzo cliccando &#8220;Ok, accetto&#8221; nel banner.<\/div>\n<hr>\n<p>&nbsp;<\/p>\n<h3>Che cosa sono i cookie?<\/h3>\n<p>Un cookie \u00e8 un piccolo file di lettere e numeri che pu\u00f2 essere memorizzato sul tuo browser o sul disco fisso del tuo computer quando visiti il nostro sito web. I cookie contengono informazioni sulle tue visite al suddetto sito web.<\/p>\n<h3>Cookie di terze parti<\/h3>\n<p>&nbsp;<\/p>\n<p>Visitando un sito web si possono ricevere cookie sia dal sito visitato (prima parte), sia da siti gestiti da altre organizzazioni (terze parti). Esempi notevoli sono la presenza di \u201cembed\u201d video o \u201csocial plugin\u201d da servizi di social network. Si tratta di parti della pagina visitata generate direttamente dai suddetti siti ed integrati nella pagina del sito ospitante. L\u2019utilizzo pi\u00f9 comune \u00e8 finalizzato alla condivisione dei contenuti sui social network.<\/p>\n<p>La presenza di questi plugin comporta la trasmissione di cookie da e verso tutti i siti gestiti da terze parti. La gestione delle informazioni raccolte da terze parti \u00e8 disciplinata dalle relative informative cui si prega di fare riferimento. Per garantire una maggiore trasparenza e comodit\u00e0, si riportano qui di seguito gli indirizzi web delle diverse informative e delle modalit\u00e0 per la gestione dei cookie.<\/p>\n<p>Facebook informativa: <a href=\"https:\/\/www.facebook.com\/help\/cookies\/\">https:\/\/www.facebook.com\/help\/cookies\/<br \/>\n<\/a>Facebook (configurazione): accedere al proprio account. Sezione privacy.<\/p>\n<p>Twitter informative: <a href=\"https:\/\/support.twitter.com\/articles\/20170514\">https:\/\/support.twitter.com\/articles\/20170514<br \/>\n<\/a>Twitter (configurazione): <a href=\"https:\/\/twitter.com\/settings\/security\">https:\/\/twitter.com\/settings\/security<\/a><\/p>\n<p>Google+ informativa: <a href=\"http:\/\/www.google.it\/intl\/it\/policies\/technologies\/cookies\/\">http:\/\/www.google.it\/intl\/it\/policies\/technologies\/cookies\/<br \/>\n<\/a>Google+ (configurazione): <a href=\"http:\/\/www.google.it\/intl\/it\/policies\/technologies\/managing\/\">http:\/\/www.google.it\/intl\/it\/policies\/technologies\/managing\/<\/a><\/p>\n<p>Includiamo anche taluni componenti da Google Analytics, un servizio di analisi del traffico web fornito da Google. Anche in questo caso si tratta di cookie di terze parti raccolti e gestiti in modo anonimo per monitorare e migliorare le prestazioni del sito ospite (performance cookie).<\/p>\n<p>Google Analytics pu\u00f2 raccogliere e analizzare in forma anonima le informazioni sui comportamenti di utilizzo. Tali informazioni vengono raccolte da Google Analytics, che le elabora allo scopo di redigere report sui siti web stessi. Questo sito non utilizza (e non consente a terzi di utilizzare) lo strumento di analisi di Google per monitorare o per raccogliere informazioni personali di identificazione. Google non associa l\u2019indirizzo IP a nessun altro dato posseduto da Google n\u00e9 cerca di collegare un indirizzo IP con l\u2019identit\u00e0 di un utente. Google pu\u00f2 anche comunicare queste informazioni a terzi ove ci\u00f2 sia imposto dalla legge o laddove tali terzi trattino le suddette informazioni per conto di Google.<\/p>\n<p>Per ulteriori informazioni, si rinvia al link di seguito indicato:<br \/>\n<a href=\"https:\/\/www.google.it\/policies\/privacy\/partners\/\">https:\/\/www.google.it\/policies\/privacy\/partners\/<\/a><\/p>\n<p>L\u2019utente pu\u00f2 disabilitare in modo selettivo l\u2019azione di Google Analytics installando sul proprio <em>browser<\/em> la componente di <em>opt-out<\/em> fornito da Google. Per disabilitare l\u2019azione di Google Analytics, si rinvia al link di seguito indicato:<br \/>\n<a href=\"https:\/\/tools.google.com\/dlpage\/gaoptout\">https:\/\/tools.google.com\/dlpage\/gaoptout<\/a><\/p>\n<p>&nbsp;<\/p>\n<p>Se hai domande o commenti concernenti la presente politica sui cookie, contattaci all\u2019indirizzo: info@dinocappelletti.com<\/p>\n<p>La maggior parte dei browser permette di cancellare i cookie dal disco fisso del computer, di bloccare l\u2019accettazione dei cookie o di ricevere un avviso prima che un cookie venga memorizzato.<\/p>\n<p>Come modificare le impostazioni per:<\/p>\n<ul>\n<li><a title=\"Google Chrome\" href=\"http:\/\/support.google.com\/chrome\/answer\/95647?hl=it\">Google Chrome<\/a><\/li>\n<li><a title=\"Firefox\" href=\"https:\/\/support.mozilla.org\/it\/kb\/Attivare%20e%20disattivare%20i%20cookie\">Mozilla Firefox<\/a><\/li>\n<li><a title=\"Internet Explorer\" href=\"http:\/\/support.microsoft.com\/kb\/196955\">Internet Explorer<\/a><\/li>\n<li><a title=\"safari\" href=\"http:\/\/support.apple.com\/kb\/PH5042\">Safari<\/a><\/li>\n<\/ul>\n<h3>Garante della Privacy sui Cookie:<\/h3>\n<p><a href=\"http:\/\/www.garanteprivacy.it\/web\/guest\/home\/docweb\/-\/docweb-display\/docweb\/3118884\">Informativa e consenso per l\u2019uso dei cookie<br \/>\n<\/a><a href=\"http:\/\/www.garanteprivacy.it\/web\/guest\/home\/docweb\/-\/docweb-display\/docweb\/2142939\">Faq in materia di cookie<\/a><\/p>\n<\/div>\n","protected":false},"excerpt":{"rendered":"<p>Informativa Privacy trattamento dati Informativa per trattamento di dati personali raccolti presso l\u2019interessato Nel rispetto di quanto previsto dal Reg. UE 2016\/679 (Regolamento Europeo per la protezione dei dati personali) Le forniamo le dovute informazioni in ordine al trattamento dei dati personali forniti. L\u2019informativa non \u00e8 da considerarsi valida per altri siti web eventualmente consultabili [&hellip;]<\/p>\n","protected":false},"author":1,"featured_media":0,"parent":0,"menu_order":0,"comment_status":"closed","ping_status":"closed","template":"","meta":{"footnotes":""},"class_list":["post-17101","page","type-page","status-publish","czr-hentry"],"_links":{"self":[{"href":"https:\/\/www.dinocappelletti.com\/en\/wp-json\/wp\/v2\/pages\/17101","targetHints":{"allow":["GET"]}}],"collection":[{"href":"https:\/\/www.dinocappelletti.com\/en\/wp-json\/wp\/v2\/pages"}],"about":[{"href":"https:\/\/www.dinocappelletti.com\/en\/wp-json\/wp\/v2\/types\/page"}],"author":[{"embeddable":true,"href":"https:\/\/www.dinocappelletti.com\/en\/wp-json\/wp\/v2\/users\/1"}],"replies":[{"embeddable":true,"href":"https:\/\/www.dinocappelletti.com\/en\/wp-json\/wp\/v2\/comments?post=17101"}],"version-history":[{"count":0,"href":"https:\/\/www.dinocappelletti.com\/en\/wp-json\/wp\/v2\/pages\/17101\/revisions"}],"wp:attachment":[{"href":"https:\/\/www.dinocappelletti.com\/en\/wp-json\/wp\/v2\/media?parent=17101"}],"curies":[{"name":"wp","href":"https:\/\/api.w.org\/{rel}","templated":true}]}}